{"id":15,"date":"2024-11-01T13:45:44","date_gmt":"2024-11-01T17:45:44","guid":{"rendered":"https:\/\/serviceauthority.org\/?page_id=15"},"modified":"2025-08-28T11:02:10","modified_gmt":"2025-08-28T15:02:10","slug":"about-us","status":"publish","type":"page","link":"https:\/\/serviceauthority.org\/es\/about-us\/","title":{"rendered":"Qui\u00e9nes somos"},"content":{"rendered":"","protected":false},"excerpt":{"rendered":"<p>Con orgullo y dedicaci\u00f3n servimos a nuestros clientes proporcion\u00e1ndoles agua limpia y segura, servicios de aguas residuales ejemplares e infraestructuras de protecci\u00f3n contra incendios. Junto con nuestros socios de la comunidad mantenemos y mejoramos nuestro sistema de servicios p\u00fablicos de manera oportuna, cooperativa y financieramente responsable.<\/p>","protected":false},"author":1,"featured_media":13,"parent":0,"menu_order":0,"comment_status":"closed","ping_status":"closed","template":"","meta":{"_acf_changed":false,"_seopress_robots_primary_cat":"","_seopress_titles_title":"About Albemarle County Service Authority","_seopress_titles_desc":"Learn about ACSA! We aim to serve and conserve today, sustain for tomorrow, and protect our resources forever.","_seopress_robots_index":"","footnotes":""},"class_list":["post-15","page","type-page","status-publish","has-post-thumbnail","hentry"],"acf":[],"publishpress_future_action":{"enabled":false,"date":"2026-04-16 15:15:45","action":"change-status","newStatus":"draft","terms":[],"taxonomy":"","extraData":[]},"publishpress_future_workflow_manual_trigger":{"enabledWorkflows":[]},"_links":{"self":[{"href":"https:\/\/serviceauthority.org\/es\/wp-json\/wp\/v2\/pages\/15","targetHints":{"allow":["GET"]}}],"collection":[{"href":"https:\/\/serviceauthority.org\/es\/wp-json\/wp\/v2\/pages"}],"about":[{"href":"https:\/\/serviceauthority.org\/es\/wp-json\/wp\/v2\/types\/page"}],"author":[{"embeddable":true,"href":"https:\/\/serviceauthority.org\/es\/wp-json\/wp\/v2\/users\/1"}],"replies":[{"embeddable":true,"href":"https:\/\/serviceauthority.org\/es\/wp-json\/wp\/v2\/comments?post=15"}],"version-history":[{"count":99,"href":"https:\/\/serviceauthority.org\/es\/wp-json\/wp\/v2\/pages\/15\/revisions"}],"predecessor-version":[{"id":5412,"href":"https:\/\/serviceauthority.org\/es\/wp-json\/wp\/v2\/pages\/15\/revisions\/5412"}],"wp:featuredmedia":[{"embeddable":true,"href":"https:\/\/serviceauthority.org\/es\/wp-json\/wp\/v2\/media\/13"}],"wp:attachment":[{"href":"https:\/\/serviceauthority.org\/es\/wp-json\/wp\/v2\/media?parent=15"}],"curies":[{"name":"wp","href":"https:\/\/api.w.org\/{rel}","templated":true}]}}