{"id":21,"date":"2024-11-01T13:46:21","date_gmt":"2024-11-01T17:46:21","guid":{"rendered":"https:\/\/serviceauthority.org\/?page_id=21"},"modified":"2025-02-27T15:08:17","modified_gmt":"2025-02-27T20:08:17","slug":"contact-us","status":"publish","type":"page","link":"https:\/\/serviceauthority.org\/es\/contact-us\/","title":{"rendered":"P\u00f3ngase en contacto con nosotros"},"content":{"rendered":"","protected":false},"excerpt":{"rendered":"<p>Puede inscribirse f\u00e1cilmente para recibir alertas o ponerse en contacto con ACSA por tel\u00e9fono, correo electr\u00f3nico o visitando nuestra oficina en Charlottesville. <\/p>","protected":false},"author":1,"featured_media":4855,"parent":0,"menu_order":0,"comment_status":"closed","ping_status":"closed","template":"","meta":{"_acf_changed":false,"_seopress_robots_primary_cat":"","_seopress_titles_title":"Contact Us %%sep%% %%sitetitle%%","_seopress_titles_desc":"Got a question? You can easily sign up for alerts or contact ACSA by phone, email or visiting our office in Charlottesville.","_seopress_robots_index":"","footnotes":""},"class_list":["post-21","page","type-page","status-publish","has-post-thumbnail","hentry"],"acf":[],"publishpress_future_action":{"enabled":false,"date":"2026-04-21 22:55:50","action":"change-status","newStatus":"draft","terms":[],"taxonomy":"","extraData":[]},"publishpress_future_workflow_manual_trigger":{"enabledWorkflows":[]},"_links":{"self":[{"href":"https:\/\/serviceauthority.org\/es\/wp-json\/wp\/v2\/pages\/21","targetHints":{"allow":["GET"]}}],"collection":[{"href":"https:\/\/serviceauthority.org\/es\/wp-json\/wp\/v2\/pages"}],"about":[{"href":"https:\/\/serviceauthority.org\/es\/wp-json\/wp\/v2\/types\/page"}],"author":[{"embeddable":true,"href":"https:\/\/serviceauthority.org\/es\/wp-json\/wp\/v2\/users\/1"}],"replies":[{"embeddable":true,"href":"https:\/\/serviceauthority.org\/es\/wp-json\/wp\/v2\/comments?post=21"}],"version-history":[{"count":46,"href":"https:\/\/serviceauthority.org\/es\/wp-json\/wp\/v2\/pages\/21\/revisions"}],"predecessor-version":[{"id":4937,"href":"https:\/\/serviceauthority.org\/es\/wp-json\/wp\/v2\/pages\/21\/revisions\/4937"}],"wp:featuredmedia":[{"embeddable":true,"href":"https:\/\/serviceauthority.org\/es\/wp-json\/wp\/v2\/media\/4855"}],"wp:attachment":[{"href":"https:\/\/serviceauthority.org\/es\/wp-json\/wp\/v2\/media?parent=21"}],"curies":[{"name":"wp","href":"https:\/\/api.w.org\/{rel}","templated":true}]}}