{"id":286,"date":"2024-11-06T16:16:12","date_gmt":"2024-11-06T21:16:12","guid":{"rendered":"https:\/\/serviceauthority.org\/?page_id=286"},"modified":"2025-02-27T20:58:59","modified_gmt":"2025-02-28T01:58:59","slug":"water-conservation","status":"publish","type":"page","link":"https:\/\/serviceauthority.org\/es\/water-conservation\/","title":{"rendered":"Conservaci\u00f3n del agua"},"content":{"rendered":"","protected":false},"excerpt":{"rendered":"<p>En la Autoridad de Servicios del Condado de Albemarle (ACSA), estamos comprometidos con la promoci\u00f3n del uso sostenible del agua a trav\u00e9s de diversos programas de conservaci\u00f3n. <\/p>","protected":false},"author":1,"featured_media":4855,"parent":0,"menu_order":0,"comment_status":"closed","ping_status":"closed","template":"","meta":{"_acf_changed":false,"_seopress_robots_primary_cat":"","_seopress_titles_title":"","_seopress_titles_desc":"At ACSA, we\u2019re committed to promoting sustainable water use through a variety of conservation programs.","_seopress_robots_index":"","footnotes":""},"class_list":["post-286","page","type-page","status-publish","has-post-thumbnail","hentry"],"acf":[],"publishpress_future_action":{"enabled":false,"date":"2026-04-16 15:14:10","action":"change-status","newStatus":"draft","terms":[],"taxonomy":"","extraData":[]},"publishpress_future_workflow_manual_trigger":{"enabledWorkflows":[]},"_links":{"self":[{"href":"https:\/\/serviceauthority.org\/es\/wp-json\/wp\/v2\/pages\/286","targetHints":{"allow":["GET"]}}],"collection":[{"href":"https:\/\/serviceauthority.org\/es\/wp-json\/wp\/v2\/pages"}],"about":[{"href":"https:\/\/serviceauthority.org\/es\/wp-json\/wp\/v2\/types\/page"}],"author":[{"embeddable":true,"href":"https:\/\/serviceauthority.org\/es\/wp-json\/wp\/v2\/users\/1"}],"replies":[{"embeddable":true,"href":"https:\/\/serviceauthority.org\/es\/wp-json\/wp\/v2\/comments?post=286"}],"version-history":[{"count":48,"href":"https:\/\/serviceauthority.org\/es\/wp-json\/wp\/v2\/pages\/286\/revisions"}],"predecessor-version":[{"id":4944,"href":"https:\/\/serviceauthority.org\/es\/wp-json\/wp\/v2\/pages\/286\/revisions\/4944"}],"wp:featuredmedia":[{"embeddable":true,"href":"https:\/\/serviceauthority.org\/es\/wp-json\/wp\/v2\/media\/4855"}],"wp:attachment":[{"href":"https:\/\/serviceauthority.org\/es\/wp-json\/wp\/v2\/media?parent=286"}],"curies":[{"name":"wp","href":"https:\/\/api.w.org\/{rel}","templated":true}]}}