{"id":308,"date":"2024-11-06T16:21:53","date_gmt":"2024-11-06T21:21:53","guid":{"rendered":"https:\/\/serviceauthority.org\/?page_id=308"},"modified":"2025-02-17T16:14:34","modified_gmt":"2025-02-17T21:14:34","slug":"wheres-my-meter","status":"publish","type":"page","link":"https:\/\/serviceauthority.org\/es\/wheres-my-meter\/","title":{"rendered":"\u00bfD\u00f3nde est\u00e1 mi contador?"},"content":{"rendered":"","protected":false},"excerpt":{"rendered":"<p>\u00bfNecesita localizar su contador? Utilice nuestro mapa para determinar su ubicaci\u00f3n. P\u00f3ngase en contacto directamente con ACSA para conocer la ubicaci\u00f3n espec\u00edfica de los servicios. <\/p>","protected":false},"author":1,"featured_media":4855,"parent":0,"menu_order":0,"comment_status":"closed","ping_status":"closed","template":"","meta":{"_acf_changed":false,"_seopress_robots_primary_cat":"","_seopress_titles_title":"%%post_title%% %%sep%% ACSA","_seopress_titles_desc":"Can't find your meter? Search for an address to view ACSA water meter locations. Contact ACSA directly for specific utility locations.","_seopress_robots_index":"","footnotes":""},"class_list":["post-308","page","type-page","status-publish","has-post-thumbnail","hentry"],"acf":[],"publishpress_future_action":{"enabled":false,"date":"2026-04-16 15:14:36","action":"change-status","newStatus":"draft","terms":[],"taxonomy":"","extraData":[]},"publishpress_future_workflow_manual_trigger":{"enabledWorkflows":[]},"_links":{"self":[{"href":"https:\/\/serviceauthority.org\/es\/wp-json\/wp\/v2\/pages\/308","targetHints":{"allow":["GET"]}}],"collection":[{"href":"https:\/\/serviceauthority.org\/es\/wp-json\/wp\/v2\/pages"}],"about":[{"href":"https:\/\/serviceauthority.org\/es\/wp-json\/wp\/v2\/types\/page"}],"author":[{"embeddable":true,"href":"https:\/\/serviceauthority.org\/es\/wp-json\/wp\/v2\/users\/1"}],"replies":[{"embeddable":true,"href":"https:\/\/serviceauthority.org\/es\/wp-json\/wp\/v2\/comments?post=308"}],"version-history":[{"count":30,"href":"https:\/\/serviceauthority.org\/es\/wp-json\/wp\/v2\/pages\/308\/revisions"}],"predecessor-version":[{"id":3874,"href":"https:\/\/serviceauthority.org\/es\/wp-json\/wp\/v2\/pages\/308\/revisions\/3874"}],"wp:featuredmedia":[{"embeddable":true,"href":"https:\/\/serviceauthority.org\/es\/wp-json\/wp\/v2\/media\/4855"}],"wp:attachment":[{"href":"https:\/\/serviceauthority.org\/es\/wp-json\/wp\/v2\/media?parent=308"}],"curies":[{"name":"wp","href":"https:\/\/api.w.org\/{rel}","templated":true}]}}