{"id":320,"date":"2024-11-06T16:26:02","date_gmt":"2024-11-06T21:26:02","guid":{"rendered":"https:\/\/serviceauthority.org\/?page_id=320"},"modified":"2025-12-15T10:00:28","modified_gmt":"2025-12-15T15:00:28","slug":"new-construction-guidelines","status":"publish","type":"page","link":"https:\/\/serviceauthority.org\/es\/new-construction-guidelines\/","title":{"rendered":"Directrices para nuevas construcciones"},"content":{"rendered":"","protected":false},"excerpt":{"rendered":"<p>En ACSA, nuestras normas de dise\u00f1o y construcci\u00f3n gu\u00edan a contratistas, ingenieros y promotores en la construcci\u00f3n y ampliaci\u00f3n de sistemas de agua y alcantarillado.<\/p>","protected":false},"author":1,"featured_media":4855,"parent":0,"menu_order":0,"comment_status":"closed","ping_status":"closed","template":"","meta":{"_acf_changed":false,"_seopress_robots_primary_cat":"","_seopress_titles_title":"%%post_title%% %%sep%% %%sitetitle%%","_seopress_titles_desc":"ACSA new construction guidelines aid contractors, engineers and developers in the construction and expansion of water and sewer systems.","_seopress_robots_index":"","footnotes":""},"class_list":["post-320","page","type-page","status-publish","has-post-thumbnail","hentry"],"acf":[],"publishpress_future_action":{"enabled":false,"date":"2026-05-01 11:58:00","action":"change-status","newStatus":"draft","terms":[],"taxonomy":"","extraData":[]},"publishpress_future_workflow_manual_trigger":{"enabledWorkflows":[]},"_links":{"self":[{"href":"https:\/\/serviceauthority.org\/es\/wp-json\/wp\/v2\/pages\/320","targetHints":{"allow":["GET"]}}],"collection":[{"href":"https:\/\/serviceauthority.org\/es\/wp-json\/wp\/v2\/pages"}],"about":[{"href":"https:\/\/serviceauthority.org\/es\/wp-json\/wp\/v2\/types\/page"}],"author":[{"embeddable":true,"href":"https:\/\/serviceauthority.org\/es\/wp-json\/wp\/v2\/users\/1"}],"replies":[{"embeddable":true,"href":"https:\/\/serviceauthority.org\/es\/wp-json\/wp\/v2\/comments?post=320"}],"version-history":[{"count":74,"href":"https:\/\/serviceauthority.org\/es\/wp-json\/wp\/v2\/pages\/320\/revisions"}],"predecessor-version":[{"id":5624,"href":"https:\/\/serviceauthority.org\/es\/wp-json\/wp\/v2\/pages\/320\/revisions\/5624"}],"wp:featuredmedia":[{"embeddable":true,"href":"https:\/\/serviceauthority.org\/es\/wp-json\/wp\/v2\/media\/4855"}],"wp:attachment":[{"href":"https:\/\/serviceauthority.org\/es\/wp-json\/wp\/v2\/media?parent=320"}],"curies":[{"name":"wp","href":"https:\/\/api.w.org\/{rel}","templated":true}]}}