{"id":326,"date":"2024-11-06T16:26:59","date_gmt":"2024-11-06T21:26:59","guid":{"rendered":"https:\/\/serviceauthority.org\/?page_id=326"},"modified":"2025-02-10T21:43:58","modified_gmt":"2025-02-11T02:43:58","slug":"miss-utility","status":"publish","type":"page","link":"https:\/\/serviceauthority.org\/es\/miss-utility\/","title":{"rendered":"Se\u00f1orita Utilidad"},"content":{"rendered":"","protected":false},"excerpt":{"rendered":"<p>Virginia 811, tambi\u00e9n conocido como \"Miss Utility\", es un centro de comunicaciones gratuito de Virginia de \"llamada \u00fanica\" para cualquier persona que planee cualquier tipo de excavaci\u00f3n (excavaci\u00f3n) o demolici\u00f3n.<\/p>","protected":false},"author":1,"featured_media":1290,"parent":0,"menu_order":0,"comment_status":"closed","ping_status":"closed","template":"","meta":{"_acf_changed":false,"_seopress_robots_primary_cat":"","_seopress_titles_title":"","_seopress_titles_desc":"Miss Utility is a free Virginia communications center for anyone planning to dig - call Virginia 811 first!","_seopress_robots_index":"","footnotes":""},"class_list":["post-326","page","type-page","status-publish","has-post-thumbnail","hentry"],"acf":[],"publishpress_future_action":{"enabled":false,"date":"2026-05-12 08:35:36","action":"change-status","newStatus":"draft","terms":[],"taxonomy":"","extraData":[]},"publishpress_future_workflow_manual_trigger":{"enabledWorkflows":[]},"_links":{"self":[{"href":"https:\/\/serviceauthority.org\/es\/wp-json\/wp\/v2\/pages\/326","targetHints":{"allow":["GET"]}}],"collection":[{"href":"https:\/\/serviceauthority.org\/es\/wp-json\/wp\/v2\/pages"}],"about":[{"href":"https:\/\/serviceauthority.org\/es\/wp-json\/wp\/v2\/types\/page"}],"author":[{"embeddable":true,"href":"https:\/\/serviceauthority.org\/es\/wp-json\/wp\/v2\/users\/1"}],"replies":[{"embeddable":true,"href":"https:\/\/serviceauthority.org\/es\/wp-json\/wp\/v2\/comments?post=326"}],"version-history":[{"count":28,"href":"https:\/\/serviceauthority.org\/es\/wp-json\/wp\/v2\/pages\/326\/revisions"}],"predecessor-version":[{"id":4755,"href":"https:\/\/serviceauthority.org\/es\/wp-json\/wp\/v2\/pages\/326\/revisions\/4755"}],"wp:featuredmedia":[{"embeddable":true,"href":"https:\/\/serviceauthority.org\/es\/wp-json\/wp\/v2\/media\/1290"}],"wp:attachment":[{"href":"https:\/\/serviceauthority.org\/es\/wp-json\/wp\/v2\/media?parent=326"}],"curies":[{"name":"wp","href":"https:\/\/api.w.org\/{rel}","templated":true}]}}